{"id":5452,"date":"2021-11-23T16:18:52","date_gmt":"2021-11-23T15:18:52","guid":{"rendered":"https:\/\/www.captainswrt.cz\/?page_id=5452"},"modified":"2022-05-17T14:54:53","modified_gmt":"2022-05-17T13:54:53","slug":"organizace","status":"publish","type":"page","link":"https:\/\/www.captainswrt.cz\/captains\/organizace\/","title":{"rendered":"Organizace"},"content":{"rendered":"\t\t<div data-elementor-type=\"wp-page\" data-elementor-id=\"5452\" class=\"elementor elementor-5452\">\n\t\t\t\t\t\t<section class=\"elementor-section elementor-top-section elementor-element elementor-element-a62c3c8 elementor-section-boxed elementor-section-height-default elementor-section-height-default\" data-id=\"a62c3c8\" data-element_type=\"section\" data-e-type=\"section\">\n\t\t\t\t\t\t<div class=\"elementor-container elementor-column-gap-default\">\n\t\t\t\t\t<div class=\"elementor-column elementor-col-25 elementor-top-column elementor-element elementor-element-3d7cedc\" data-id=\"3d7cedc\" data-element_type=\"column\" data-e-type=\"column\">\n\t\t\t<div class=\"elementor-widget-wrap\">\n\t\t\t\t\t\t\t<\/div>\n\t\t<\/div>\n\t\t\t\t<div class=\"elementor-column elementor-col-50 elementor-top-column elementor-element elementor-element-f00c70d\" data-id=\"f00c70d\" data-element_type=\"column\" data-e-type=\"column\">\n\t\t\t<div class=\"elementor-widget-wrap elementor-element-populated\">\n\t\t\t\t\t\t<section class=\"elementor-section elementor-inner-section elementor-element elementor-element-5e1f1dee elementor-section-boxed elementor-section-height-default elementor-section-height-default\" data-id=\"5e1f1dee\" data-element_type=\"section\" data-e-type=\"section\">\n\t\t\t\t\t\t<div class=\"elementor-container elementor-column-gap-default\">\n\t\t\t\t\t<div class=\"elementor-column elementor-col-33 elementor-inner-column elementor-element elementor-element-5bb3ed0\" data-id=\"5bb3ed0\" data-element_type=\"column\" data-e-type=\"column\">\n\t\t\t<div class=\"elementor-widget-wrap elementor-element-populated\">\n\t\t\t\t\t\t<div class=\"elementor-element elementor-element-69a8e2d9 elementor-widget-divider--view-line elementor-widget elementor-widget-divider\" data-id=\"69a8e2d9\" data-element_type=\"widget\" data-e-type=\"widget\" data-widget_type=\"divider.default\">\n\t\t\t\t<div class=\"elementor-widget-container\">\n\t\t\t\t\t\t\t<div class=\"elementor-divider\">\n\t\t\t<span class=\"elementor-divider-separator\">\n\t\t\t\t\t\t<\/span>\n\t\t<\/div>\n\t\t\t\t\t\t<\/div>\n\t\t\t\t<\/div>\n\t\t\t\t\t<\/div>\n\t\t<\/div>\n\t\t\t\t<div class=\"elementor-column elementor-col-33 elementor-inner-column elementor-element elementor-element-3708908b\" data-id=\"3708908b\" data-element_type=\"column\" data-e-type=\"column\">\n\t\t\t<div class=\"elementor-widget-wrap elementor-element-populated\">\n\t\t\t\t\t\t<div class=\"elementor-element elementor-element-459465c8 elementor-widget elementor-widget-heading\" data-id=\"459465c8\" data-element_type=\"widget\" data-e-type=\"widget\" data-widget_type=\"heading.default\">\n\t\t\t\t<div class=\"elementor-widget-container\">\n\t\t\t\t\t<div class=\"elementor-heading-title elementor-size-default\">Podporuj\u00ed n\u00e1s<\/div>\t\t\t\t<\/div>\n\t\t\t\t<\/div>\n\t\t\t\t\t<\/div>\n\t\t<\/div>\n\t\t\t\t<div class=\"elementor-column elementor-col-33 elementor-inner-column elementor-element elementor-element-17b9cd0\" data-id=\"17b9cd0\" data-element_type=\"column\" data-e-type=\"column\">\n\t\t\t<div class=\"elementor-widget-wrap elementor-element-populated\">\n\t\t\t\t\t\t<div class=\"elementor-element elementor-element-43172e7e elementor-widget elementor-widget-heading\" data-id=\"43172e7e\" data-element_type=\"widget\" data-e-type=\"widget\" data-widget_type=\"heading.default\">\n\t\t\t\t<div class=\"elementor-widget-container\">\n\t\t\t\t\t<h1 class=\"elementor-heading-title elementor-size-default\">Organizace<\/h1>\t\t\t\t<\/div>\n\t\t\t\t<\/div>\n\t\t\t\t\t<\/div>\n\t\t<\/div>\n\t\t\t\t\t<\/div>\n\t\t<\/section>\n\t\t\t\t\t<\/div>\n\t\t<\/div>\n\t\t\t\t<div class=\"elementor-column elementor-col-25 elementor-top-column elementor-element elementor-element-0b4f0d8\" data-id=\"0b4f0d8\" data-element_type=\"column\" data-e-type=\"column\">\n\t\t\t<div class=\"elementor-widget-wrap\">\n\t\t\t\t\t\t\t<\/div>\n\t\t<\/div>\n\t\t\t\t\t<\/div>\n\t\t<\/section>\n\t\t\t\t<section class=\"elementor-section elementor-top-section elementor-element elementor-element-602d91f elementor-section-boxed elementor-section-height-default elementor-section-height-default\" data-id=\"602d91f\" data-element_type=\"section\" data-e-type=\"section\">\n\t\t\t\t\t\t<div class=\"elementor-container elementor-column-gap-default\">\n\t\t\t\t\t<div class=\"elementor-column elementor-col-33 elementor-top-column elementor-element elementor-element-490d08a\" data-id=\"490d08a\" data-element_type=\"column\" data-e-type=\"column\">\n\t\t\t<div class=\"elementor-widget-wrap\">\n\t\t\t\t\t\t\t<\/div>\n\t\t<\/div>\n\t\t\t\t<div class=\"elementor-column elementor-col-33 elementor-top-column elementor-element elementor-element-feefcaa\" data-id=\"feefcaa\" data-element_type=\"column\" data-e-type=\"column\">\n\t\t\t<div class=\"elementor-widget-wrap elementor-element-populated\">\n\t\t\t\t\t\t<div class=\"elementor-element elementor-element-278fb45 elementor-widget elementor-widget-image\" data-id=\"278fb45\" data-element_type=\"widget\" data-e-type=\"widget\" data-widget_type=\"image.default\">\n\t\t\t\t<div class=\"elementor-widget-container\">\n\t\t\t\t\t\t\t\t\t\t\t\t\t\t\t\t<a href=\"https:\/\/agenturasport.cz\" target=\"_blank\">\n\t\t\t\t\t\t\t<img fetchpriority=\"high\" decoding=\"async\" width=\"538\" height=\"222\" src=\"https:\/\/www.captainswrt.cz\/wp-content\/uploads\/2021\/11\/014193.png\" class=\"elementor-animation-grow attachment-large size-large wp-image-5457\" alt=\"\" srcset=\"https:\/\/www.captainswrt.cz\/wp-content\/uploads\/2021\/11\/014193.png 538w, https:\/\/www.captainswrt.cz\/wp-content\/uploads\/2021\/11\/014193-300x124.png 300w\" sizes=\"(max-width: 538px) 100vw, 538px\" \/>\t\t\t\t\t\t\t\t<\/a>\n\t\t\t\t\t\t\t\t\t\t\t\t\t\t\t<\/div>\n\t\t\t\t<\/div>\n\t\t\t\t\t<\/div>\n\t\t<\/div>\n\t\t\t\t<div class=\"elementor-column elementor-col-33 elementor-top-column elementor-element elementor-element-f5d3e08\" data-id=\"f5d3e08\" data-element_type=\"column\" data-e-type=\"column\">\n\t\t\t<div class=\"elementor-widget-wrap\">\n\t\t\t\t\t\t\t<\/div>\n\t\t<\/div>\n\t\t\t\t\t<\/div>\n\t\t<\/section>\n\t\t\t\t<section class=\"elementor-section elementor-top-section elementor-element elementor-element-65e40de elementor-section-boxed elementor-section-height-default elementor-section-height-default\" data-id=\"65e40de\" data-element_type=\"section\" data-e-type=\"section\">\n\t\t\t\t\t\t<div class=\"elementor-container elementor-column-gap-default\">\n\t\t\t\t\t<div class=\"elementor-column elementor-col-33 elementor-top-column elementor-element elementor-element-483e067\" data-id=\"483e067\" data-element_type=\"column\" data-e-type=\"column\">\n\t\t\t<div class=\"elementor-widget-wrap\">\n\t\t\t\t\t\t\t<\/div>\n\t\t<\/div>\n\t\t\t\t<div class=\"elementor-column elementor-col-33 elementor-top-column elementor-element elementor-element-720072b\" data-id=\"720072b\" data-element_type=\"column\" data-e-type=\"column\">\n\t\t\t<div class=\"elementor-widget-wrap elementor-element-populated\">\n\t\t\t\t\t\t<div class=\"elementor-element elementor-element-ce8997e elementor-widget elementor-widget-image\" data-id=\"ce8997e\" data-element_type=\"widget\" data-e-type=\"widget\" data-widget_type=\"image.default\">\n\t\t\t\t<div class=\"elementor-widget-container\">\n\t\t\t\t\t\t\t\t\t\t\t\t\t\t\t\t<a href=\"https:\/\/www.kr-kralovehradecky.cz\" target=\"_blank\">\n\t\t\t\t\t\t\t<img decoding=\"async\" width=\"1024\" height=\"452\" src=\"https:\/\/www.captainswrt.cz\/wp-content\/uploads\/2021\/12\/logo_colour_pantone-1024x452.jpg\" class=\"elementor-animation-grow attachment-large size-large wp-image-6258\" alt=\"\" srcset=\"https:\/\/www.captainswrt.cz\/wp-content\/uploads\/2021\/12\/logo_colour_pantone-1024x452.jpg 1024w, https:\/\/www.captainswrt.cz\/wp-content\/uploads\/2021\/12\/logo_colour_pantone-300x132.jpg 300w, https:\/\/www.captainswrt.cz\/wp-content\/uploads\/2021\/12\/logo_colour_pantone-768x339.jpg 768w, https:\/\/www.captainswrt.cz\/wp-content\/uploads\/2021\/12\/logo_colour_pantone-1536x678.jpg 1536w, https:\/\/www.captainswrt.cz\/wp-content\/uploads\/2021\/12\/logo_colour_pantone-600x265.jpg 600w, https:\/\/www.captainswrt.cz\/wp-content\/uploads\/2021\/12\/logo_colour_pantone-1470x649.jpg 1470w, https:\/\/www.captainswrt.cz\/wp-content\/uploads\/2021\/12\/logo_colour_pantone.jpg 1576w\" sizes=\"(max-width: 1024px) 100vw, 1024px\" \/>\t\t\t\t\t\t\t\t<\/a>\n\t\t\t\t\t\t\t\t\t\t\t\t\t\t\t<\/div>\n\t\t\t\t<\/div>\n\t\t\t\t\t<\/div>\n\t\t<\/div>\n\t\t\t\t<div class=\"elementor-column elementor-col-33 elementor-top-column elementor-element elementor-element-9e16904\" data-id=\"9e16904\" data-element_type=\"column\" data-e-type=\"column\">\n\t\t\t<div class=\"elementor-widget-wrap\">\n\t\t\t\t\t\t\t<\/div>\n\t\t<\/div>\n\t\t\t\t\t<\/div>\n\t\t<\/section>\n\t\t\t\t<section class=\"elementor-section elementor-top-section elementor-element elementor-element-55154bb elementor-section-boxed elementor-section-height-default elementor-section-height-default\" data-id=\"55154bb\" data-element_type=\"section\" data-e-type=\"section\">\n\t\t\t\t\t\t<div class=\"elementor-container elementor-column-gap-default\">\n\t\t\t\t\t<div class=\"elementor-column elementor-col-20 elementor-top-column elementor-element elementor-element-0b55659\" data-id=\"0b55659\" data-element_type=\"column\" data-e-type=\"column\">\n\t\t\t<div class=\"elementor-widget-wrap\">\n\t\t\t\t\t\t\t<\/div>\n\t\t<\/div>\n\t\t\t\t<div class=\"elementor-column elementor-col-20 elementor-top-column elementor-element elementor-element-fec61f4\" data-id=\"fec61f4\" data-element_type=\"column\" data-e-type=\"column\">\n\t\t\t<div class=\"elementor-widget-wrap elementor-element-populated\">\n\t\t\t\t\t\t<div class=\"elementor-element elementor-element-23478fe elementor-widget elementor-widget-image\" data-id=\"23478fe\" data-element_type=\"widget\" data-e-type=\"widget\" data-widget_type=\"image.default\">\n\t\t\t\t<div class=\"elementor-widget-container\">\n\t\t\t\t\t\t\t\t\t\t\t\t\t\t\t\t<a href=\"https:\/\/emilova-sportovni.cz\/\" target=\"_blank\">\n\t\t\t\t\t\t\t<img decoding=\"async\" width=\"458\" height=\"200\" src=\"https:\/\/www.captainswrt.cz\/wp-content\/uploads\/2021\/11\/brand-logo-big-2.png\" class=\"elementor-animation-grow attachment-large size-large wp-image-5456\" alt=\"\" srcset=\"https:\/\/www.captainswrt.cz\/wp-content\/uploads\/2021\/11\/brand-logo-big-2.png 458w, https:\/\/www.captainswrt.cz\/wp-content\/uploads\/2021\/11\/brand-logo-big-2-300x131.png 300w\" sizes=\"(max-width: 458px) 100vw, 458px\" \/>\t\t\t\t\t\t\t\t<\/a>\n\t\t\t\t\t\t\t\t\t\t\t\t\t\t\t<\/div>\n\t\t\t\t<\/div>\n\t\t\t\t\t<\/div>\n\t\t<\/div>\n\t\t\t\t<div class=\"elementor-column elementor-col-20 elementor-top-column elementor-element elementor-element-a057f6a\" data-id=\"a057f6a\" data-element_type=\"column\" data-e-type=\"column\">\n\t\t\t<div class=\"elementor-widget-wrap elementor-element-populated\">\n\t\t\t\t\t\t<div class=\"elementor-element elementor-element-58210f8 elementor-widget elementor-widget-image\" data-id=\"58210f8\" data-element_type=\"widget\" data-e-type=\"widget\" data-widget_type=\"image.default\">\n\t\t\t\t<div class=\"elementor-widget-container\">\n\t\t\t\t\t\t\t\t\t\t\t\t\t\t\t\t<a href=\"https:\/\/www.caths.cz\" target=\"_blank\">\n\t\t\t\t\t\t\t<img loading=\"lazy\" decoding=\"async\" width=\"250\" height=\"154\" src=\"https:\/\/www.captainswrt.cz\/wp-content\/uploads\/2021\/10\/c\u030caths.png\" class=\"elementor-animation-grow attachment-large size-large wp-image-2996\" alt=\"\" \/>\t\t\t\t\t\t\t\t<\/a>\n\t\t\t\t\t\t\t\t\t\t\t\t\t\t\t<\/div>\n\t\t\t\t<\/div>\n\t\t\t\t\t<\/div>\n\t\t<\/div>\n\t\t\t\t<div class=\"elementor-column elementor-col-20 elementor-top-column elementor-element elementor-element-5fc4f20\" data-id=\"5fc4f20\" data-element_type=\"column\" data-e-type=\"column\">\n\t\t\t<div class=\"elementor-widget-wrap elementor-element-populated\">\n\t\t\t\t\t\t<div class=\"elementor-element elementor-element-76acfec elementor-widget elementor-widget-image\" data-id=\"76acfec\" data-element_type=\"widget\" data-e-type=\"widget\" data-widget_type=\"image.default\">\n\t\t\t\t<div class=\"elementor-widget-container\">\n\t\t\t\t\t\t\t\t\t\t\t\t\t\t\t\t<a href=\"http:\/\/www.sportklub.cz\" target=\"_blank\">\n\t\t\t\t\t\t\t<img loading=\"lazy\" decoding=\"async\" width=\"102\" height=\"90\" src=\"https:\/\/www.captainswrt.cz\/wp-content\/uploads\/2021\/10\/SK.png\" class=\"elementor-animation-grow attachment-full size-full wp-image-2999\" alt=\"\" \/>\t\t\t\t\t\t\t\t<\/a>\n\t\t\t\t\t\t\t\t\t\t\t\t\t\t\t<\/div>\n\t\t\t\t<\/div>\n\t\t\t\t\t<\/div>\n\t\t<\/div>\n\t\t\t\t<div class=\"elementor-column elementor-col-20 elementor-top-column elementor-element elementor-element-8e2cbae\" data-id=\"8e2cbae\" data-element_type=\"column\" data-e-type=\"column\">\n\t\t\t<div class=\"elementor-widget-wrap\">\n\t\t\t\t\t\t\t<\/div>\n\t\t<\/div>\n\t\t\t\t\t<\/div>\n\t\t<\/section>\n\t\t\t\t<\/div>\n\t\t","protected":false},"excerpt":{"rendered":"<p>Podporuj\u00ed n\u00e1s Organizace<\/p>\n","protected":false},"author":4,"featured_media":0,"parent":0,"menu_order":0,"comment_status":"closed","ping_status":"closed","template":"","meta":{"_monsterinsights_skip_tracking":false,"_monsterinsights_sitenote_active":false,"_monsterinsights_sitenote_note":"","_monsterinsights_sitenote_category":0,"ocean_post_layout":"full-screen","ocean_both_sidebars_style":"","ocean_both_sidebars_content_width":0,"ocean_both_sidebars_sidebars_width":0,"ocean_sidebar":"0","ocean_second_sidebar":"0","ocean_disable_margins":"enable","ocean_add_body_class":"","ocean_shortcode_before_top_bar":"","ocean_shortcode_after_top_bar":"","ocean_shortcode_before_header":"","ocean_shortcode_after_header":"","ocean_has_shortcode":"","ocean_shortcode_after_title":"","ocean_shortcode_before_footer_widgets":"","ocean_shortcode_after_footer_widgets":"","ocean_shortcode_before_footer_bottom":"","ocean_shortcode_after_footer_bottom":"","ocean_display_top_bar":"off","ocean_display_header":"default","ocean_header_style":"","ocean_center_header_left_menu":"0","ocean_custom_header_template":"0","ocean_custom_logo":0,"ocean_custom_retina_logo":0,"ocean_custom_logo_max_width":0,"ocean_custom_logo_tablet_max_width":0,"ocean_custom_logo_mobile_max_width":0,"ocean_custom_logo_max_height":0,"ocean_custom_logo_tablet_max_height":0,"ocean_custom_logo_mobile_max_height":0,"ocean_header_custom_menu":"0","ocean_menu_typo_font_family":"0","ocean_menu_typo_font_subset":"","ocean_menu_typo_font_size":0,"ocean_menu_typo_font_size_tablet":0,"ocean_menu_typo_font_size_mobile":0,"ocean_menu_typo_font_size_unit":"px","ocean_menu_typo_font_weight":"","ocean_menu_typo_font_weight_tablet":"","ocean_menu_typo_font_weight_mobile":"","ocean_menu_typo_transform":"","ocean_menu_typo_transform_tablet":"","ocean_menu_typo_transform_mobile":"","ocean_menu_typo_line_height":0,"ocean_menu_typo_line_height_tablet":0,"ocean_menu_typo_line_height_mobile":0,"ocean_menu_typo_line_height_unit":"","ocean_menu_typo_spacing":0,"ocean_menu_typo_spacing_tablet":0,"ocean_menu_typo_spacing_mobile":0,"ocean_menu_typo_spacing_unit":"","ocean_menu_link_color":"","ocean_menu_link_color_hover":"","ocean_menu_link_color_active":"","ocean_menu_link_background":"","ocean_menu_link_hover_background":"","ocean_menu_link_active_background":"","ocean_menu_social_links_bg":"","ocean_menu_social_hover_links_bg":"","ocean_menu_social_links_color":"","ocean_menu_social_hover_links_color":"","ocean_disable_title":"on","ocean_disable_heading":"default","ocean_post_title":"","ocean_post_subheading":"","ocean_post_title_style":"","ocean_post_title_background_color":"","ocean_post_title_background":0,"ocean_post_title_bg_image_position":"","ocean_post_title_bg_image_attachment":"","ocean_post_title_bg_image_repeat":"","ocean_post_title_bg_image_size":"","ocean_post_title_height":0,"ocean_post_title_bg_overlay":0.5,"ocean_post_title_bg_overlay_color":"","ocean_disable_breadcrumbs":"default","ocean_breadcrumbs_color":"","ocean_breadcrumbs_separator_color":"","ocean_breadcrumbs_links_color":"","ocean_breadcrumbs_links_hover_color":"","ocean_display_footer_widgets":"off","ocean_display_footer_bottom":"default","ocean_custom_footer_template":"0","footnotes":""},"class_list":["post-5452","page","type-page","status-publish","hentry","entry"],"yoast_head":"<!-- This site is optimized with the Yoast SEO plugin v27.4 - https:\/\/yoast.com\/product\/yoast-seo-wordpress\/ -->\n<title>Organizace - CaptainsWRT<\/title>\n<meta name=\"description\" content=\"V \u010dinnosti klubu n\u00e1m pom\u00e1haj\u00ed tak\u00e9 st\u00e1tn\u00ed organizace a nebo sportovn\u00ed kluby. D\u00edky nim m\u00e1me z\u00e1zem\u00ed a m\u016f\u017eeme se nad\u00e1le posouvat kup\u0159edu!\" \/>\n<meta name=\"robots\" content=\"index, follow, max-snippet:-1, max-image-preview:large, max-video-preview:-1\" \/>\n<link rel=\"canonical\" href=\"https:\/\/www.captainswrt.cz\/captains\/organizace\/\" \/>\n<meta property=\"og:locale\" content=\"cs_CZ\" \/>\n<meta property=\"og:type\" content=\"article\" \/>\n<meta property=\"og:title\" content=\"Organizace a partne\u0159i\" \/>\n<meta property=\"og:description\" content=\"V \u010dinnosti klubu n\u00e1m pom\u00e1haj\u00ed tak\u00e9 st\u00e1tn\u00ed organizace a nebo sportovn\u00ed kluby. D\u00edky nim m\u00e1me z\u00e1zem\u00ed a m\u016f\u017eeme se nad\u00e1le posouvat kup\u0159edu!\" \/>\n<meta property=\"og:url\" content=\"https:\/\/www.captainswrt.cz\/captains\/organizace\/\" \/>\n<meta property=\"og:site_name\" content=\"CaptainsWRT\" \/>\n<meta property=\"article:publisher\" content=\"https:\/\/www.facebook.com\/CaptainsRugby\" \/>\n<meta property=\"article:modified_time\" content=\"2022-05-17T13:54:53+00:00\" \/>\n<meta property=\"og:image\" content=\"https:\/\/www.captainswrt.cz\/wp-content\/uploads\/2021\/11\/DSC_1426-1.jpg\" \/>\n\t<meta property=\"og:image:width\" content=\"2048\" \/>\n\t<meta property=\"og:image:height\" content=\"1365\" \/>\n\t<meta property=\"og:image:type\" content=\"image\/jpeg\" \/>\n<meta name=\"twitter:card\" content=\"summary_large_image\" \/>\n<meta name=\"twitter:label1\" content=\"Odhadovan\u00e1 doba \u010dten\u00ed\" \/>\n\t<meta name=\"twitter:data1\" content=\"2 minuty\" \/>\n<script type=\"application\/ld+json\" class=\"yoast-schema-graph\">{\"@context\":\"https:\\\/\\\/schema.org\",\"@graph\":[{\"@type\":\"WebPage\",\"@id\":\"https:\\\/\\\/www.captainswrt.cz\\\/captains\\\/organizace\\\/\",\"url\":\"https:\\\/\\\/www.captainswrt.cz\\\/captains\\\/organizace\\\/\",\"name\":\"Organizace - CaptainsWRT\",\"isPartOf\":{\"@id\":\"https:\\\/\\\/www.captainswrt.cz\\\/captains\\\/#website\"},\"primaryImageOfPage\":{\"@id\":\"https:\\\/\\\/www.captainswrt.cz\\\/captains\\\/organizace\\\/#primaryimage\"},\"image\":{\"@id\":\"https:\\\/\\\/www.captainswrt.cz\\\/captains\\\/organizace\\\/#primaryimage\"},\"thumbnailUrl\":\"https:\\\/\\\/www.captainswrt.cz\\\/wp-content\\\/uploads\\\/2021\\\/11\\\/014193.png\",\"datePublished\":\"2021-11-23T15:18:52+00:00\",\"dateModified\":\"2022-05-17T13:54:53+00:00\",\"description\":\"V \u010dinnosti klubu n\u00e1m pom\u00e1haj\u00ed tak\u00e9 st\u00e1tn\u00ed organizace a nebo sportovn\u00ed kluby. D\u00edky nim m\u00e1me z\u00e1zem\u00ed a m\u016f\u017eeme se nad\u00e1le posouvat kup\u0159edu!\",\"breadcrumb\":{\"@id\":\"https:\\\/\\\/www.captainswrt.cz\\\/captains\\\/organizace\\\/#breadcrumb\"},\"inLanguage\":\"cs\",\"potentialAction\":[{\"@type\":\"ReadAction\",\"target\":[\"https:\\\/\\\/www.captainswrt.cz\\\/captains\\\/organizace\\\/\"]}]},{\"@type\":\"ImageObject\",\"inLanguage\":\"cs\",\"@id\":\"https:\\\/\\\/www.captainswrt.cz\\\/captains\\\/organizace\\\/#primaryimage\",\"url\":\"https:\\\/\\\/www.captainswrt.cz\\\/wp-content\\\/uploads\\\/2021\\\/11\\\/014193.png\",\"contentUrl\":\"https:\\\/\\\/www.captainswrt.cz\\\/wp-content\\\/uploads\\\/2021\\\/11\\\/014193.png\"},{\"@type\":\"BreadcrumbList\",\"@id\":\"https:\\\/\\\/www.captainswrt.cz\\\/captains\\\/organizace\\\/#breadcrumb\",\"itemListElement\":[{\"@type\":\"ListItem\",\"position\":1,\"name\":\"Dom\u016f\",\"item\":\"https:\\\/\\\/www.captainswrt.cz\\\/captains\\\/\"},{\"@type\":\"ListItem\",\"position\":2,\"name\":\"Organizace\"}]},{\"@type\":\"WebSite\",\"@id\":\"https:\\\/\\\/www.captainswrt.cz\\\/captains\\\/#website\",\"url\":\"https:\\\/\\\/www.captainswrt.cz\\\/captains\\\/\",\"name\":\"CaptainsWRT\",\"description\":\"\u010cesk\u00fd t\u00fdm v ragby voz\u00ed\u010dk\u00e1\u0159\u016f!\",\"publisher\":{\"@id\":\"https:\\\/\\\/www.captainswrt.cz\\\/captains\\\/#organization\"},\"potentialAction\":[{\"@type\":\"SearchAction\",\"target\":{\"@type\":\"EntryPoint\",\"urlTemplate\":\"https:\\\/\\\/www.captainswrt.cz\\\/captains\\\/?s={search_term_string}\"},\"query-input\":{\"@type\":\"PropertyValueSpecification\",\"valueRequired\":true,\"valueName\":\"search_term_string\"}}],\"inLanguage\":\"cs\"},{\"@type\":\"Organization\",\"@id\":\"https:\\\/\\\/www.captainswrt.cz\\\/captains\\\/#organization\",\"name\":\"CaptainsWRT\",\"url\":\"https:\\\/\\\/www.captainswrt.cz\\\/captains\\\/\",\"logo\":{\"@type\":\"ImageObject\",\"inLanguage\":\"cs\",\"@id\":\"https:\\\/\\\/www.captainswrt.cz\\\/captains\\\/#\\\/schema\\\/logo\\\/image\\\/\",\"url\":\"https:\\\/\\\/www.captainswrt.cz\\\/wp-content\\\/uploads\\\/2021\\\/11\\\/252305031_1516852292014242_6171209031602149924_n-1.png\",\"contentUrl\":\"https:\\\/\\\/www.captainswrt.cz\\\/wp-content\\\/uploads\\\/2021\\\/11\\\/252305031_1516852292014242_6171209031602149924_n-1.png\",\"width\":476,\"height\":124,\"caption\":\"CaptainsWRT\"},\"image\":{\"@id\":\"https:\\\/\\\/www.captainswrt.cz\\\/captains\\\/#\\\/schema\\\/logo\\\/image\\\/\"},\"sameAs\":[\"https:\\\/\\\/www.facebook.com\\\/CaptainsRugby\",\"https:\\\/\\\/www.instagram.com\\\/captains_wrt\\\/\",\"https:\\\/\\\/www.youtube.com\\\/channel\\\/UCLE2Zynxk9rC6Y0v0RUv7Cw\"]}]}<\/script>\n<!-- \/ Yoast SEO plugin. -->","yoast_head_json":{"title":"Organizace - CaptainsWRT","description":"V \u010dinnosti klubu n\u00e1m pom\u00e1haj\u00ed tak\u00e9 st\u00e1tn\u00ed organizace a nebo sportovn\u00ed kluby. D\u00edky nim m\u00e1me z\u00e1zem\u00ed a m\u016f\u017eeme se nad\u00e1le posouvat kup\u0159edu!","robots":{"index":"index","follow":"follow","max-snippet":"max-snippet:-1","max-image-preview":"max-image-preview:large","max-video-preview":"max-video-preview:-1"},"canonical":"https:\/\/www.captainswrt.cz\/captains\/organizace\/","og_locale":"cs_CZ","og_type":"article","og_title":"Organizace a partne\u0159i","og_description":"V \u010dinnosti klubu n\u00e1m pom\u00e1haj\u00ed tak\u00e9 st\u00e1tn\u00ed organizace a nebo sportovn\u00ed kluby. D\u00edky nim m\u00e1me z\u00e1zem\u00ed a m\u016f\u017eeme se nad\u00e1le posouvat kup\u0159edu!","og_url":"https:\/\/www.captainswrt.cz\/captains\/organizace\/","og_site_name":"CaptainsWRT","article_publisher":"https:\/\/www.facebook.com\/CaptainsRugby","article_modified_time":"2022-05-17T13:54:53+00:00","og_image":[{"width":2048,"height":1365,"url":"https:\/\/www.captainswrt.cz\/wp-content\/uploads\/2021\/11\/DSC_1426-1.jpg","type":"image\/jpeg"}],"twitter_card":"summary_large_image","twitter_misc":{"Odhadovan\u00e1 doba \u010dten\u00ed":"2 minuty"},"schema":{"@context":"https:\/\/schema.org","@graph":[{"@type":"WebPage","@id":"https:\/\/www.captainswrt.cz\/captains\/organizace\/","url":"https:\/\/www.captainswrt.cz\/captains\/organizace\/","name":"Organizace - CaptainsWRT","isPartOf":{"@id":"https:\/\/www.captainswrt.cz\/captains\/#website"},"primaryImageOfPage":{"@id":"https:\/\/www.captainswrt.cz\/captains\/organizace\/#primaryimage"},"image":{"@id":"https:\/\/www.captainswrt.cz\/captains\/organizace\/#primaryimage"},"thumbnailUrl":"https:\/\/www.captainswrt.cz\/wp-content\/uploads\/2021\/11\/014193.png","datePublished":"2021-11-23T15:18:52+00:00","dateModified":"2022-05-17T13:54:53+00:00","description":"V \u010dinnosti klubu n\u00e1m pom\u00e1haj\u00ed tak\u00e9 st\u00e1tn\u00ed organizace a nebo sportovn\u00ed kluby. D\u00edky nim m\u00e1me z\u00e1zem\u00ed a m\u016f\u017eeme se nad\u00e1le posouvat kup\u0159edu!","breadcrumb":{"@id":"https:\/\/www.captainswrt.cz\/captains\/organizace\/#breadcrumb"},"inLanguage":"cs","potentialAction":[{"@type":"ReadAction","target":["https:\/\/www.captainswrt.cz\/captains\/organizace\/"]}]},{"@type":"ImageObject","inLanguage":"cs","@id":"https:\/\/www.captainswrt.cz\/captains\/organizace\/#primaryimage","url":"https:\/\/www.captainswrt.cz\/wp-content\/uploads\/2021\/11\/014193.png","contentUrl":"https:\/\/www.captainswrt.cz\/wp-content\/uploads\/2021\/11\/014193.png"},{"@type":"BreadcrumbList","@id":"https:\/\/www.captainswrt.cz\/captains\/organizace\/#breadcrumb","itemListElement":[{"@type":"ListItem","position":1,"name":"Dom\u016f","item":"https:\/\/www.captainswrt.cz\/captains\/"},{"@type":"ListItem","position":2,"name":"Organizace"}]},{"@type":"WebSite","@id":"https:\/\/www.captainswrt.cz\/captains\/#website","url":"https:\/\/www.captainswrt.cz\/captains\/","name":"CaptainsWRT","description":"\u010cesk\u00fd t\u00fdm v ragby voz\u00ed\u010dk\u00e1\u0159\u016f!","publisher":{"@id":"https:\/\/www.captainswrt.cz\/captains\/#organization"},"potentialAction":[{"@type":"SearchAction","target":{"@type":"EntryPoint","urlTemplate":"https:\/\/www.captainswrt.cz\/captains\/?s={search_term_string}"},"query-input":{"@type":"PropertyValueSpecification","valueRequired":true,"valueName":"search_term_string"}}],"inLanguage":"cs"},{"@type":"Organization","@id":"https:\/\/www.captainswrt.cz\/captains\/#organization","name":"CaptainsWRT","url":"https:\/\/www.captainswrt.cz\/captains\/","logo":{"@type":"ImageObject","inLanguage":"cs","@id":"https:\/\/www.captainswrt.cz\/captains\/#\/schema\/logo\/image\/","url":"https:\/\/www.captainswrt.cz\/wp-content\/uploads\/2021\/11\/252305031_1516852292014242_6171209031602149924_n-1.png","contentUrl":"https:\/\/www.captainswrt.cz\/wp-content\/uploads\/2021\/11\/252305031_1516852292014242_6171209031602149924_n-1.png","width":476,"height":124,"caption":"CaptainsWRT"},"image":{"@id":"https:\/\/www.captainswrt.cz\/captains\/#\/schema\/logo\/image\/"},"sameAs":["https:\/\/www.facebook.com\/CaptainsRugby","https:\/\/www.instagram.com\/captains_wrt\/","https:\/\/www.youtube.com\/channel\/UCLE2Zynxk9rC6Y0v0RUv7Cw"]}]}},"_links":{"self":[{"href":"https:\/\/www.captainswrt.cz\/captains\/wp-json\/wp\/v2\/pages\/5452","targetHints":{"allow":["GET"]}}],"collection":[{"href":"https:\/\/www.captainswrt.cz\/captains\/wp-json\/wp\/v2\/pages"}],"about":[{"href":"https:\/\/www.captainswrt.cz\/captains\/wp-json\/wp\/v2\/types\/page"}],"author":[{"embeddable":true,"href":"https:\/\/www.captainswrt.cz\/captains\/wp-json\/wp\/v2\/users\/4"}],"replies":[{"embeddable":true,"href":"https:\/\/www.captainswrt.cz\/captains\/wp-json\/wp\/v2\/comments?post=5452"}],"version-history":[{"count":47,"href":"https:\/\/www.captainswrt.cz\/captains\/wp-json\/wp\/v2\/pages\/5452\/revisions"}],"predecessor-version":[{"id":6712,"href":"https:\/\/www.captainswrt.cz\/captains\/wp-json\/wp\/v2\/pages\/5452\/revisions\/6712"}],"wp:attachment":[{"href":"https:\/\/www.captainswrt.cz\/captains\/wp-json\/wp\/v2\/media?parent=5452"}],"curies":[{"name":"wp","href":"https:\/\/api.w.org\/{rel}","templated":true}]}}