{"id":1637,"date":"2021-01-06T21:19:50","date_gmt":"2021-01-06T20:19:50","guid":{"rendered":"http:\/\/www.captainswrt.cz\/?page_id=1637"},"modified":"2025-03-27T18:03:18","modified_gmt":"2025-03-27T17:03:18","slug":"ceske-kluby","status":"publish","type":"page","link":"https:\/\/www.captainswrt.cz\/captains\/ceske-kluby\/","title":{"rendered":"\u010cesk\u00e9 kluby"},"content":{"rendered":"\t\t<div data-elementor-type=\"wp-page\" data-elementor-id=\"1637\" class=\"elementor elementor-1637\">\n\t\t\t\t\t\t<section class=\"elementor-section elementor-top-section elementor-element elementor-element-477cff0 elementor-section-boxed elementor-section-height-default elementor-section-height-default\" data-id=\"477cff0\" data-element_type=\"section\" data-e-type=\"section\">\n\t\t\t\t\t\t<div class=\"elementor-container elementor-column-gap-default\">\n\t\t\t\t\t<div class=\"elementor-column elementor-col-25 elementor-top-column elementor-element elementor-element-c0ebf91\" data-id=\"c0ebf91\" data-element_type=\"column\" data-e-type=\"column\">\n\t\t\t<div class=\"elementor-widget-wrap\">\n\t\t\t\t\t\t\t<\/div>\n\t\t<\/div>\n\t\t\t\t<div class=\"elementor-column elementor-col-50 elementor-top-column elementor-element elementor-element-2c665d5\" data-id=\"2c665d5\" data-element_type=\"column\" data-e-type=\"column\">\n\t\t\t<div class=\"elementor-widget-wrap elementor-element-populated\">\n\t\t\t\t\t\t<section class=\"elementor-section elementor-inner-section elementor-element elementor-element-184de724 elementor-section-boxed elementor-section-height-default elementor-section-height-default\" data-id=\"184de724\" data-element_type=\"section\" data-e-type=\"section\">\n\t\t\t\t\t\t<div class=\"elementor-container elementor-column-gap-default\">\n\t\t\t\t\t<div class=\"elementor-column elementor-col-33 elementor-inner-column elementor-element elementor-element-15ec6ffd\" data-id=\"15ec6ffd\" data-element_type=\"column\" data-e-type=\"column\">\n\t\t\t<div class=\"elementor-widget-wrap elementor-element-populated\">\n\t\t\t\t\t\t<div class=\"elementor-element elementor-element-657557dc elementor-widget-divider--view-line elementor-widget elementor-widget-divider\" data-id=\"657557dc\" data-element_type=\"widget\" data-e-type=\"widget\" data-widget_type=\"divider.default\">\n\t\t\t\t<div class=\"elementor-widget-container\">\n\t\t\t\t\t\t\t<div class=\"elementor-divider\">\n\t\t\t<span class=\"elementor-divider-separator\">\n\t\t\t\t\t\t<\/span>\n\t\t<\/div>\n\t\t\t\t\t\t<\/div>\n\t\t\t\t<\/div>\n\t\t\t\t\t<\/div>\n\t\t<\/div>\n\t\t\t\t<div class=\"elementor-column elementor-col-33 elementor-inner-column elementor-element elementor-element-83a3b6c\" data-id=\"83a3b6c\" data-element_type=\"column\" data-e-type=\"column\">\n\t\t\t<div class=\"elementor-widget-wrap elementor-element-populated\">\n\t\t\t\t\t\t<div class=\"elementor-element elementor-element-4dfd540a elementor-widget elementor-widget-heading\" data-id=\"4dfd540a\" data-element_type=\"widget\" data-e-type=\"widget\" data-widget_type=\"heading.default\">\n\t\t\t\t<div class=\"elementor-widget-container\">\n\t\t\t\t\t<div class=\"elementor-heading-title elementor-size-default\">S k\u00fdm hrajeme?<\/div>\t\t\t\t<\/div>\n\t\t\t\t<\/div>\n\t\t\t\t\t<\/div>\n\t\t<\/div>\n\t\t\t\t<div class=\"elementor-column elementor-col-33 elementor-inner-column elementor-element elementor-element-6e887ae7\" data-id=\"6e887ae7\" data-element_type=\"column\" data-e-type=\"column\">\n\t\t\t<div class=\"elementor-widget-wrap elementor-element-populated\">\n\t\t\t\t\t\t<div class=\"elementor-element elementor-element-202005a elementor-widget elementor-widget-heading\" data-id=\"202005a\" data-element_type=\"widget\" data-e-type=\"widget\" data-widget_type=\"heading.default\">\n\t\t\t\t<div class=\"elementor-widget-container\">\n\t\t\t\t\t<h1 class=\"elementor-heading-title elementor-size-default\">\u010cesk\u00e9 t\u00fdmy<\/h1>\t\t\t\t<\/div>\n\t\t\t\t<\/div>\n\t\t\t\t\t<\/div>\n\t\t<\/div>\n\t\t\t\t\t<\/div>\n\t\t<\/section>\n\t\t\t\t\t<\/div>\n\t\t<\/div>\n\t\t\t\t<div class=\"elementor-column elementor-col-25 elementor-top-column elementor-element elementor-element-129593f\" data-id=\"129593f\" data-element_type=\"column\" data-e-type=\"column\">\n\t\t\t<div class=\"elementor-widget-wrap\">\n\t\t\t\t\t\t\t<\/div>\n\t\t<\/div>\n\t\t\t\t\t<\/div>\n\t\t<\/section>\n\t\t\t\t<section class=\"elementor-section elementor-top-section elementor-element elementor-element-45c12bd8 elementor-section-content-top elementor-section-boxed elementor-section-height-default elementor-section-height-default\" data-id=\"45c12bd8\" data-element_type=\"section\" data-e-type=\"section\" data-settings=\"{&quot;background_background&quot;:&quot;classic&quot;}\">\n\t\t\t\t\t\t<div class=\"elementor-container elementor-column-gap-no\">\n\t\t\t\t\t<div class=\"elementor-column elementor-col-100 elementor-top-column elementor-element elementor-element-26c76485\" data-id=\"26c76485\" data-element_type=\"column\" data-e-type=\"column\">\n\t\t\t<div class=\"elementor-widget-wrap elementor-element-populated\">\n\t\t\t\t\t\t<div class=\"elementor-element elementor-element-300842b elementor-widget elementor-widget-image\" data-id=\"300842b\" data-element_type=\"widget\" data-e-type=\"widget\" data-widget_type=\"image.default\">\n\t\t\t\t<div class=\"elementor-widget-container\">\n\t\t\t\t\t\t\t\t\t\t\t\t\t\t\t\t<a href=\"https:\/\/www.crsv.cz\" target=\"_blank\">\n\t\t\t\t\t\t\t<img decoding=\"async\" width=\"150\" height=\"150\" src=\"https:\/\/www.captainswrt.cz\/wp-content\/uploads\/2021\/11\/84119387_10157883070678320_3293741064170504192_n-150x150.jpg\" class=\"elementor-animation-float attachment-thumbnail size-thumbnail wp-image-5494\" alt=\"\" srcset=\"https:\/\/www.captainswrt.cz\/wp-content\/uploads\/2021\/11\/84119387_10157883070678320_3293741064170504192_n-150x150.jpg 150w, https:\/\/www.captainswrt.cz\/wp-content\/uploads\/2021\/11\/84119387_10157883070678320_3293741064170504192_n-300x300.jpg 300w, https:\/\/www.captainswrt.cz\/wp-content\/uploads\/2021\/11\/84119387_10157883070678320_3293741064170504192_n.jpg 473w\" sizes=\"(max-width: 150px) 100vw, 150px\" \/>\t\t\t\t\t\t\t\t<\/a>\n\t\t\t\t\t\t\t\t\t\t\t\t\t\t\t<\/div>\n\t\t\t\t<\/div>\n\t\t\t\t<div class=\"elementor-element elementor-element-60d4835 elementor-invisible elementor-widget elementor-widget-heading\" data-id=\"60d4835\" data-element_type=\"widget\" data-e-type=\"widget\" data-settings=\"{&quot;_animation&quot;:&quot;fadeIn&quot;}\" data-widget_type=\"heading.default\">\n\t\t\t\t<div class=\"elementor-widget-container\">\n\t\t\t\t\t<h4 class=\"elementor-heading-title elementor-size-large\">\u010cesk\u00fd ragbyov\u00fd svaz voz\u00ed\u010dk\u00e1\u0159\u016f<\/h4>\t\t\t\t<\/div>\n\t\t\t\t<\/div>\n\t\t\t\t<div class=\"elementor-element elementor-element-b736a60 elementor-hidden-desktop elementor-widget-divider--view-line elementor-widget elementor-widget-divider\" data-id=\"b736a60\" data-element_type=\"widget\" data-e-type=\"widget\" data-widget_type=\"divider.default\">\n\t\t\t\t<div class=\"elementor-widget-container\">\n\t\t\t\t\t\t\t<div class=\"elementor-divider\">\n\t\t\t<span class=\"elementor-divider-separator\">\n\t\t\t\t\t\t<\/span>\n\t\t<\/div>\n\t\t\t\t\t\t<\/div>\n\t\t\t\t<\/div>\n\t\t\t\t<section class=\"elementor-section elementor-inner-section elementor-element elementor-element-670449a0 elementor-section-full_width elementor-section-height-default elementor-section-height-default\" data-id=\"670449a0\" data-element_type=\"section\" data-e-type=\"section\">\n\t\t\t\t\t\t<div class=\"elementor-container elementor-column-gap-default\">\n\t\t\t\t\t<div class=\"elementor-column elementor-col-33 elementor-inner-column elementor-element elementor-element-1e4129c0\" data-id=\"1e4129c0\" data-element_type=\"column\" data-e-type=\"column\">\n\t\t\t<div class=\"elementor-widget-wrap elementor-element-populated\">\n\t\t\t\t\t\t<div class=\"elementor-element elementor-element-4be272bd elementor-widget elementor-widget-image\" data-id=\"4be272bd\" data-element_type=\"widget\" data-e-type=\"widget\" data-widget_type=\"image.default\">\n\t\t\t\t<div class=\"elementor-widget-container\">\n\t\t\t\t\t\t\t\t\t\t\t\t\t\t\t\t<a href=\"https:\/\/www.facebook.com\/sitting.eagles\" target=\"_blank\">\n\t\t\t\t\t\t\t<img decoding=\"async\" width=\"150\" height=\"150\" src=\"https:\/\/www.captainswrt.cz\/wp-content\/uploads\/2021\/11\/SE-LOGO-PRO-WEB-1-150x150-1-150x150.png\" class=\"elementor-animation-float attachment-thumbnail size-thumbnail wp-image-3898\" alt=\"\" \/>\t\t\t\t\t\t\t\t<\/a>\n\t\t\t\t\t\t\t\t\t\t\t\t\t\t\t<\/div>\n\t\t\t\t<\/div>\n\t\t\t\t<div class=\"elementor-element elementor-element-7e72a752 elementor-invisible elementor-widget elementor-widget-heading\" data-id=\"7e72a752\" data-element_type=\"widget\" data-e-type=\"widget\" data-settings=\"{&quot;_animation&quot;:&quot;fadeIn&quot;}\" data-widget_type=\"heading.default\">\n\t\t\t\t<div class=\"elementor-widget-container\">\n\t\t\t\t\t<h4 class=\"elementor-heading-title elementor-size-large\">Sitting Eagles<\/h4>\t\t\t\t<\/div>\n\t\t\t\t<\/div>\n\t\t\t\t\t<\/div>\n\t\t<\/div>\n\t\t\t\t<div class=\"elementor-column elementor-col-33 elementor-inner-column elementor-element elementor-element-59417854\" data-id=\"59417854\" data-element_type=\"column\" data-e-type=\"column\">\n\t\t\t<div class=\"elementor-widget-wrap elementor-element-populated\">\n\t\t\t\t\t\t<div class=\"elementor-element elementor-element-71c247b8 elementor-widget elementor-widget-image\" data-id=\"71c247b8\" data-element_type=\"widget\" data-e-type=\"widget\" data-widget_type=\"image.default\">\n\t\t\t\t<div class=\"elementor-widget-container\">\n\t\t\t\t\t\t\t\t\t\t\t\t\t\t\t\t<a href=\"https:\/\/www.facebook.com\/praguerobots\/\" target=\"_blank\">\n\t\t\t\t\t\t\t<img decoding=\"async\" width=\"150\" height=\"150\" src=\"https:\/\/www.captainswrt.cz\/wp-content\/uploads\/2021\/11\/11845173_10153592534614939_2535934012798233250_o-150x150.jpeg\" class=\"elementor-animation-float attachment-thumbnail size-thumbnail wp-image-3899\" alt=\"\" \/>\t\t\t\t\t\t\t\t<\/a>\n\t\t\t\t\t\t\t\t\t\t\t\t\t\t\t<\/div>\n\t\t\t\t<\/div>\n\t\t\t\t<div class=\"elementor-element elementor-element-45a6a4f2 elementor-invisible elementor-widget elementor-widget-heading\" data-id=\"45a6a4f2\" data-element_type=\"widget\" data-e-type=\"widget\" data-settings=\"{&quot;_animation&quot;:&quot;fadeIn&quot;}\" data-widget_type=\"heading.default\">\n\t\t\t\t<div class=\"elementor-widget-container\">\n\t\t\t\t\t<h4 class=\"elementor-heading-title elementor-size-large\">Prague Robots<\/h4>\t\t\t\t<\/div>\n\t\t\t\t<\/div>\n\t\t\t\t\t<\/div>\n\t\t<\/div>\n\t\t\t\t<div class=\"elementor-column elementor-col-33 elementor-inner-column elementor-element elementor-element-2c6a129f\" data-id=\"2c6a129f\" data-element_type=\"column\" data-e-type=\"column\">\n\t\t\t<div class=\"elementor-widget-wrap elementor-element-populated\">\n\t\t\t\t\t\t<div class=\"elementor-element elementor-element-5beb3d7d elementor-widget elementor-widget-image\" data-id=\"5beb3d7d\" data-element_type=\"widget\" data-e-type=\"widget\" data-widget_type=\"image.default\">\n\t\t\t\t<div class=\"elementor-widget-container\">\n\t\t\t\t\t\t\t\t\t\t\t\t\t\t\t\t<a href=\"https:\/\/www.facebook.com\/rugby.sk.ostrava\/\" target=\"_blank\">\n\t\t\t\t\t\t\t<img loading=\"lazy\" decoding=\"async\" width=\"150\" height=\"150\" src=\"https:\/\/www.captainswrt.cz\/wp-content\/uploads\/2021\/11\/199734_190558040981962_3660773_n-150x150.jpeg\" class=\"elementor-animation-float attachment-thumbnail size-thumbnail wp-image-3900\" alt=\"\" srcset=\"https:\/\/www.captainswrt.cz\/wp-content\/uploads\/2021\/11\/199734_190558040981962_3660773_n-150x150.jpeg 150w, https:\/\/www.captainswrt.cz\/wp-content\/uploads\/2021\/11\/199734_190558040981962_3660773_n-300x300.jpeg 300w, https:\/\/www.captainswrt.cz\/wp-content\/uploads\/2021\/11\/199734_190558040981962_3660773_n-600x599.jpeg 600w, https:\/\/www.captainswrt.cz\/wp-content\/uploads\/2021\/11\/199734_190558040981962_3660773_n.jpeg 641w\" sizes=\"(max-width: 150px) 100vw, 150px\" \/>\t\t\t\t\t\t\t\t<\/a>\n\t\t\t\t\t\t\t\t\t\t\t\t\t\t\t<\/div>\n\t\t\t\t<\/div>\n\t\t\t\t<div class=\"elementor-element elementor-element-3bc565cd elementor-invisible elementor-widget elementor-widget-heading\" data-id=\"3bc565cd\" data-element_type=\"widget\" data-e-type=\"widget\" data-settings=\"{&quot;_animation&quot;:&quot;fadeIn&quot;}\" data-widget_type=\"heading.default\">\n\t\t\t\t<div class=\"elementor-widget-container\">\n\t\t\t\t\t<h4 class=\"elementor-heading-title elementor-size-large\">Lions Ostrava<\/h4>\t\t\t\t<\/div>\n\t\t\t\t<\/div>\n\t\t\t\t\t<\/div>\n\t\t<\/div>\n\t\t\t\t\t<\/div>\n\t\t<\/section>\n\t\t\t\t\t<\/div>\n\t\t<\/div>\n\t\t\t\t\t<\/div>\n\t\t<\/section>\n\t\t\t\t<\/div>\n\t\t","protected":false},"excerpt":{"rendered":"<p>S k\u00fdm hrajeme? \u010cesk\u00e9 t\u00fdmy \u010cesk\u00fd ragbyov\u00fd svaz voz\u00ed\u010dk\u00e1\u0159\u016f Sitting Eagles Prague Robots Lions Ostrava<\/p>\n","protected":false},"author":2,"featured_media":0,"parent":0,"menu_order":0,"comment_status":"closed","ping_status":"closed","template":"","meta":{"_monsterinsights_skip_tracking":false,"_monsterinsights_sitenote_active":false,"_monsterinsights_sitenote_note":"","_monsterinsights_sitenote_category":0,"ocean_post_layout":"full-width","ocean_both_sidebars_style":"","ocean_both_sidebars_content_width":0,"ocean_both_sidebars_sidebars_width":0,"ocean_sidebar":"0","ocean_second_sidebar":"0","ocean_disable_margins":"enable","ocean_add_body_class":"","ocean_shortcode_before_top_bar":"","ocean_shortcode_after_top_bar":"","ocean_shortcode_before_header":"","ocean_shortcode_after_header":"","ocean_has_shortcode":"","ocean_shortcode_after_title":"","ocean_shortcode_before_footer_widgets":"","ocean_shortcode_after_footer_widgets":"","ocean_shortcode_before_footer_bottom":"","ocean_shortcode_after_footer_bottom":"","ocean_display_top_bar":"off","ocean_display_header":"default","ocean_header_style":"","ocean_center_header_left_menu":"0","ocean_custom_header_template":"0","ocean_custom_logo":0,"ocean_custom_retina_logo":0,"ocean_custom_logo_max_width":0,"ocean_custom_logo_tablet_max_width":0,"ocean_custom_logo_mobile_max_width":0,"ocean_custom_logo_max_height":0,"ocean_custom_logo_tablet_max_height":0,"ocean_custom_logo_mobile_max_height":0,"ocean_header_custom_menu":"0","ocean_menu_typo_font_family":"0","ocean_menu_typo_font_subset":"","ocean_menu_typo_font_size":0,"ocean_menu_typo_font_size_tablet":0,"ocean_menu_typo_font_size_mobile":0,"ocean_menu_typo_font_size_unit":"px","ocean_menu_typo_font_weight":"","ocean_menu_typo_font_weight_tablet":"","ocean_menu_typo_font_weight_mobile":"","ocean_menu_typo_transform":"","ocean_menu_typo_transform_tablet":"","ocean_menu_typo_transform_mobile":"","ocean_menu_typo_line_height":0,"ocean_menu_typo_line_height_tablet":0,"ocean_menu_typo_line_height_mobile":0,"ocean_menu_typo_line_height_unit":"","ocean_menu_typo_spacing":0,"ocean_menu_typo_spacing_tablet":0,"ocean_menu_typo_spacing_mobile":0,"ocean_menu_typo_spacing_unit":"","ocean_menu_link_color":"","ocean_menu_link_color_hover":"","ocean_menu_link_color_active":"","ocean_menu_link_background":"","ocean_menu_link_hover_background":"","ocean_menu_link_active_background":"","ocean_menu_social_links_bg":"","ocean_menu_social_hover_links_bg":"","ocean_menu_social_links_color":"","ocean_menu_social_hover_links_color":"","ocean_disable_title":"on","ocean_disable_heading":"default","ocean_post_title":"","ocean_post_subheading":"","ocean_post_title_style":"","ocean_post_title_background_color":"","ocean_post_title_background":0,"ocean_post_title_bg_image_position":"","ocean_post_title_bg_image_attachment":"","ocean_post_title_bg_image_repeat":"","ocean_post_title_bg_image_size":"","ocean_post_title_height":0,"ocean_post_title_bg_overlay":0.5,"ocean_post_title_bg_overlay_color":"","ocean_disable_breadcrumbs":"default","ocean_breadcrumbs_color":"","ocean_breadcrumbs_separator_color":"","ocean_breadcrumbs_links_color":"","ocean_breadcrumbs_links_hover_color":"","ocean_display_footer_widgets":"off","ocean_display_footer_bottom":"default","ocean_custom_footer_template":"0","footnotes":""},"class_list":["post-1637","page","type-page","status-publish","hentry","entry"],"yoast_head":"<!-- This site is optimized with the Yoast SEO plugin v27.4 - https:\/\/yoast.com\/product\/yoast-seo-wordpress\/ -->\n<title>\u010cesk\u00e9 kluby - CaptainsWRT<\/title>\n<meta name=\"description\" content=\"P\u0159ehled \u010desk\u00fdch klub\u016f, kter\u00e9 hraj\u00ed \u010ceskou n\u00e1rodn\u00ed ligu ragby voz\u00ed\u010dk\u00e1\u0159\u016f. Pod\u00edvejte se s k\u00fdm hrajeme a kdo se v \u010cesku sna\u017e\u00ed prosadit!\" \/>\n<meta name=\"robots\" content=\"index, follow, max-snippet:-1, max-image-preview:large, max-video-preview:-1\" \/>\n<link rel=\"canonical\" href=\"https:\/\/www.captainswrt.cz\/captains\/ceske-kluby\/\" \/>\n<meta property=\"og:locale\" content=\"cs_CZ\" \/>\n<meta property=\"og:type\" content=\"article\" \/>\n<meta property=\"og:title\" content=\"\u010cesk\u00e9 t\u00fdmy\" \/>\n<meta property=\"og:description\" content=\"P\u0159ehled \u010desk\u00fdch klub\u016f, kter\u00e9 hraj\u00ed \u010ceskou n\u00e1rodn\u00ed ligu ragby voz\u00ed\u010dk\u00e1\u0159\u016f. Pod\u00edvejte se s k\u00fdm hrajeme a kdo se v \u010cesku sna\u017e\u00ed prosadit!\" \/>\n<meta property=\"og:url\" content=\"https:\/\/www.captainswrt.cz\/captains\/ceske-kluby\/\" \/>\n<meta property=\"og:site_name\" content=\"CaptainsWRT\" \/>\n<meta property=\"article:publisher\" content=\"https:\/\/www.facebook.com\/CaptainsRugby\" \/>\n<meta property=\"article:modified_time\" content=\"2025-03-27T17:03:18+00:00\" \/>\n<meta property=\"og:image\" content=\"https:\/\/www.captainswrt.cz\/wp-content\/uploads\/2021\/11\/DSC_8443-min-scaled.jpg\" \/>\n\t<meta property=\"og:image:width\" content=\"2560\" \/>\n\t<meta property=\"og:image:height\" content=\"1707\" \/>\n\t<meta property=\"og:image:type\" content=\"image\/jpeg\" \/>\n<meta name=\"twitter:card\" content=\"summary_large_image\" \/>\n<meta name=\"twitter:label1\" content=\"Odhadovan\u00e1 doba \u010dten\u00ed\" \/>\n\t<meta name=\"twitter:data1\" content=\"1 minuta\" \/>\n<script type=\"application\/ld+json\" class=\"yoast-schema-graph\">{\"@context\":\"https:\\\/\\\/schema.org\",\"@graph\":[{\"@type\":\"WebPage\",\"@id\":\"https:\\\/\\\/www.captainswrt.cz\\\/captains\\\/ceske-kluby\\\/\",\"url\":\"https:\\\/\\\/www.captainswrt.cz\\\/captains\\\/ceske-kluby\\\/\",\"name\":\"\u010cesk\u00e9 kluby - CaptainsWRT\",\"isPartOf\":{\"@id\":\"https:\\\/\\\/www.captainswrt.cz\\\/captains\\\/#website\"},\"primaryImageOfPage\":{\"@id\":\"https:\\\/\\\/www.captainswrt.cz\\\/captains\\\/ceske-kluby\\\/#primaryimage\"},\"image\":{\"@id\":\"https:\\\/\\\/www.captainswrt.cz\\\/captains\\\/ceske-kluby\\\/#primaryimage\"},\"thumbnailUrl\":\"https:\\\/\\\/www.captainswrt.cz\\\/wp-content\\\/uploads\\\/2021\\\/11\\\/84119387_10157883070678320_3293741064170504192_n-150x150.jpg\",\"datePublished\":\"2021-01-06T20:19:50+00:00\",\"dateModified\":\"2025-03-27T17:03:18+00:00\",\"description\":\"P\u0159ehled \u010desk\u00fdch klub\u016f, kter\u00e9 hraj\u00ed \u010ceskou n\u00e1rodn\u00ed ligu ragby voz\u00ed\u010dk\u00e1\u0159\u016f. Pod\u00edvejte se s k\u00fdm hrajeme a kdo se v \u010cesku sna\u017e\u00ed prosadit!\",\"breadcrumb\":{\"@id\":\"https:\\\/\\\/www.captainswrt.cz\\\/captains\\\/ceske-kluby\\\/#breadcrumb\"},\"inLanguage\":\"cs\",\"potentialAction\":[{\"@type\":\"ReadAction\",\"target\":[\"https:\\\/\\\/www.captainswrt.cz\\\/captains\\\/ceske-kluby\\\/\"]}]},{\"@type\":\"ImageObject\",\"inLanguage\":\"cs\",\"@id\":\"https:\\\/\\\/www.captainswrt.cz\\\/captains\\\/ceske-kluby\\\/#primaryimage\",\"url\":\"https:\\\/\\\/www.captainswrt.cz\\\/wp-content\\\/uploads\\\/2021\\\/11\\\/84119387_10157883070678320_3293741064170504192_n-150x150.jpg\",\"contentUrl\":\"https:\\\/\\\/www.captainswrt.cz\\\/wp-content\\\/uploads\\\/2021\\\/11\\\/84119387_10157883070678320_3293741064170504192_n-150x150.jpg\"},{\"@type\":\"BreadcrumbList\",\"@id\":\"https:\\\/\\\/www.captainswrt.cz\\\/captains\\\/ceske-kluby\\\/#breadcrumb\",\"itemListElement\":[{\"@type\":\"ListItem\",\"position\":1,\"name\":\"Dom\u016f\",\"item\":\"https:\\\/\\\/www.captainswrt.cz\\\/captains\\\/\"},{\"@type\":\"ListItem\",\"position\":2,\"name\":\"\u010cesk\u00e9 kluby\"}]},{\"@type\":\"WebSite\",\"@id\":\"https:\\\/\\\/www.captainswrt.cz\\\/captains\\\/#website\",\"url\":\"https:\\\/\\\/www.captainswrt.cz\\\/captains\\\/\",\"name\":\"CaptainsWRT\",\"description\":\"\u010cesk\u00fd t\u00fdm v ragby voz\u00ed\u010dk\u00e1\u0159\u016f!\",\"publisher\":{\"@id\":\"https:\\\/\\\/www.captainswrt.cz\\\/captains\\\/#organization\"},\"potentialAction\":[{\"@type\":\"SearchAction\",\"target\":{\"@type\":\"EntryPoint\",\"urlTemplate\":\"https:\\\/\\\/www.captainswrt.cz\\\/captains\\\/?s={search_term_string}\"},\"query-input\":{\"@type\":\"PropertyValueSpecification\",\"valueRequired\":true,\"valueName\":\"search_term_string\"}}],\"inLanguage\":\"cs\"},{\"@type\":\"Organization\",\"@id\":\"https:\\\/\\\/www.captainswrt.cz\\\/captains\\\/#organization\",\"name\":\"CaptainsWRT\",\"url\":\"https:\\\/\\\/www.captainswrt.cz\\\/captains\\\/\",\"logo\":{\"@type\":\"ImageObject\",\"inLanguage\":\"cs\",\"@id\":\"https:\\\/\\\/www.captainswrt.cz\\\/captains\\\/#\\\/schema\\\/logo\\\/image\\\/\",\"url\":\"https:\\\/\\\/www.captainswrt.cz\\\/wp-content\\\/uploads\\\/2021\\\/11\\\/252305031_1516852292014242_6171209031602149924_n-1.png\",\"contentUrl\":\"https:\\\/\\\/www.captainswrt.cz\\\/wp-content\\\/uploads\\\/2021\\\/11\\\/252305031_1516852292014242_6171209031602149924_n-1.png\",\"width\":476,\"height\":124,\"caption\":\"CaptainsWRT\"},\"image\":{\"@id\":\"https:\\\/\\\/www.captainswrt.cz\\\/captains\\\/#\\\/schema\\\/logo\\\/image\\\/\"},\"sameAs\":[\"https:\\\/\\\/www.facebook.com\\\/CaptainsRugby\",\"https:\\\/\\\/www.instagram.com\\\/captains_wrt\\\/\",\"https:\\\/\\\/www.youtube.com\\\/channel\\\/UCLE2Zynxk9rC6Y0v0RUv7Cw\"]}]}<\/script>\n<!-- \/ Yoast SEO plugin. -->","yoast_head_json":{"title":"\u010cesk\u00e9 kluby - CaptainsWRT","description":"P\u0159ehled \u010desk\u00fdch klub\u016f, kter\u00e9 hraj\u00ed \u010ceskou n\u00e1rodn\u00ed ligu ragby voz\u00ed\u010dk\u00e1\u0159\u016f. Pod\u00edvejte se s k\u00fdm hrajeme a kdo se v \u010cesku sna\u017e\u00ed prosadit!","robots":{"index":"index","follow":"follow","max-snippet":"max-snippet:-1","max-image-preview":"max-image-preview:large","max-video-preview":"max-video-preview:-1"},"canonical":"https:\/\/www.captainswrt.cz\/captains\/ceske-kluby\/","og_locale":"cs_CZ","og_type":"article","og_title":"\u010cesk\u00e9 t\u00fdmy","og_description":"P\u0159ehled \u010desk\u00fdch klub\u016f, kter\u00e9 hraj\u00ed \u010ceskou n\u00e1rodn\u00ed ligu ragby voz\u00ed\u010dk\u00e1\u0159\u016f. Pod\u00edvejte se s k\u00fdm hrajeme a kdo se v \u010cesku sna\u017e\u00ed prosadit!","og_url":"https:\/\/www.captainswrt.cz\/captains\/ceske-kluby\/","og_site_name":"CaptainsWRT","article_publisher":"https:\/\/www.facebook.com\/CaptainsRugby","article_modified_time":"2025-03-27T17:03:18+00:00","og_image":[{"width":2560,"height":1707,"url":"https:\/\/www.captainswrt.cz\/wp-content\/uploads\/2021\/11\/DSC_8443-min-scaled.jpg","type":"image\/jpeg"}],"twitter_card":"summary_large_image","twitter_misc":{"Odhadovan\u00e1 doba \u010dten\u00ed":"1 minuta"},"schema":{"@context":"https:\/\/schema.org","@graph":[{"@type":"WebPage","@id":"https:\/\/www.captainswrt.cz\/captains\/ceske-kluby\/","url":"https:\/\/www.captainswrt.cz\/captains\/ceske-kluby\/","name":"\u010cesk\u00e9 kluby - CaptainsWRT","isPartOf":{"@id":"https:\/\/www.captainswrt.cz\/captains\/#website"},"primaryImageOfPage":{"@id":"https:\/\/www.captainswrt.cz\/captains\/ceske-kluby\/#primaryimage"},"image":{"@id":"https:\/\/www.captainswrt.cz\/captains\/ceske-kluby\/#primaryimage"},"thumbnailUrl":"https:\/\/www.captainswrt.cz\/wp-content\/uploads\/2021\/11\/84119387_10157883070678320_3293741064170504192_n-150x150.jpg","datePublished":"2021-01-06T20:19:50+00:00","dateModified":"2025-03-27T17:03:18+00:00","description":"P\u0159ehled \u010desk\u00fdch klub\u016f, kter\u00e9 hraj\u00ed \u010ceskou n\u00e1rodn\u00ed ligu ragby voz\u00ed\u010dk\u00e1\u0159\u016f. Pod\u00edvejte se s k\u00fdm hrajeme a kdo se v \u010cesku sna\u017e\u00ed prosadit!","breadcrumb":{"@id":"https:\/\/www.captainswrt.cz\/captains\/ceske-kluby\/#breadcrumb"},"inLanguage":"cs","potentialAction":[{"@type":"ReadAction","target":["https:\/\/www.captainswrt.cz\/captains\/ceske-kluby\/"]}]},{"@type":"ImageObject","inLanguage":"cs","@id":"https:\/\/www.captainswrt.cz\/captains\/ceske-kluby\/#primaryimage","url":"https:\/\/www.captainswrt.cz\/wp-content\/uploads\/2021\/11\/84119387_10157883070678320_3293741064170504192_n-150x150.jpg","contentUrl":"https:\/\/www.captainswrt.cz\/wp-content\/uploads\/2021\/11\/84119387_10157883070678320_3293741064170504192_n-150x150.jpg"},{"@type":"BreadcrumbList","@id":"https:\/\/www.captainswrt.cz\/captains\/ceske-kluby\/#breadcrumb","itemListElement":[{"@type":"ListItem","position":1,"name":"Dom\u016f","item":"https:\/\/www.captainswrt.cz\/captains\/"},{"@type":"ListItem","position":2,"name":"\u010cesk\u00e9 kluby"}]},{"@type":"WebSite","@id":"https:\/\/www.captainswrt.cz\/captains\/#website","url":"https:\/\/www.captainswrt.cz\/captains\/","name":"CaptainsWRT","description":"\u010cesk\u00fd t\u00fdm v ragby voz\u00ed\u010dk\u00e1\u0159\u016f!","publisher":{"@id":"https:\/\/www.captainswrt.cz\/captains\/#organization"},"potentialAction":[{"@type":"SearchAction","target":{"@type":"EntryPoint","urlTemplate":"https:\/\/www.captainswrt.cz\/captains\/?s={search_term_string}"},"query-input":{"@type":"PropertyValueSpecification","valueRequired":true,"valueName":"search_term_string"}}],"inLanguage":"cs"},{"@type":"Organization","@id":"https:\/\/www.captainswrt.cz\/captains\/#organization","name":"CaptainsWRT","url":"https:\/\/www.captainswrt.cz\/captains\/","logo":{"@type":"ImageObject","inLanguage":"cs","@id":"https:\/\/www.captainswrt.cz\/captains\/#\/schema\/logo\/image\/","url":"https:\/\/www.captainswrt.cz\/wp-content\/uploads\/2021\/11\/252305031_1516852292014242_6171209031602149924_n-1.png","contentUrl":"https:\/\/www.captainswrt.cz\/wp-content\/uploads\/2021\/11\/252305031_1516852292014242_6171209031602149924_n-1.png","width":476,"height":124,"caption":"CaptainsWRT"},"image":{"@id":"https:\/\/www.captainswrt.cz\/captains\/#\/schema\/logo\/image\/"},"sameAs":["https:\/\/www.facebook.com\/CaptainsRugby","https:\/\/www.instagram.com\/captains_wrt\/","https:\/\/www.youtube.com\/channel\/UCLE2Zynxk9rC6Y0v0RUv7Cw"]}]}},"_links":{"self":[{"href":"https:\/\/www.captainswrt.cz\/captains\/wp-json\/wp\/v2\/pages\/1637","targetHints":{"allow":["GET"]}}],"collection":[{"href":"https:\/\/www.captainswrt.cz\/captains\/wp-json\/wp\/v2\/pages"}],"about":[{"href":"https:\/\/www.captainswrt.cz\/captains\/wp-json\/wp\/v2\/types\/page"}],"author":[{"embeddable":true,"href":"https:\/\/www.captainswrt.cz\/captains\/wp-json\/wp\/v2\/users\/2"}],"replies":[{"embeddable":true,"href":"https:\/\/www.captainswrt.cz\/captains\/wp-json\/wp\/v2\/comments?post=1637"}],"version-history":[{"count":46,"href":"https:\/\/www.captainswrt.cz\/captains\/wp-json\/wp\/v2\/pages\/1637\/revisions"}],"predecessor-version":[{"id":7216,"href":"https:\/\/www.captainswrt.cz\/captains\/wp-json\/wp\/v2\/pages\/1637\/revisions\/7216"}],"wp:attachment":[{"href":"https:\/\/www.captainswrt.cz\/captains\/wp-json\/wp\/v2\/media?parent=1637"}],"curies":[{"name":"wp","href":"https:\/\/api.w.org\/{rel}","templated":true}]}}